{"id":2645,"date":"2026-01-09T11:10:32","date_gmt":"2026-01-09T03:10:32","guid":{"rendered":"https:\/\/softgelnails.com\/product\/vente-en-gros-dongles-dorteils-presses-extra-larges-en-vrac-tailles-personnalisees-pour-la-production-de-pedicures-de-salon\/"},"modified":"2026-01-09T11:10:32","modified_gmt":"2026-01-09T03:10:32","slug":"vente-en-gros-dongles-dorteils-presses-extra-larges-en-vrac-tailles-personnalisees-pour-la-production-de-pedicures-de-salon","status":"publish","type":"product","link":"https:\/\/softgelnails.com\/fr\/produit\/vente-en-gros-dongles-dorteils-presses-extra-larges-en-vrac-tailles-personnalisees-pour-la-production-de-pedicures-de-salon\/","title":{"rendered":"Vente en gros d&rsquo;ongles d&rsquo;orteils press\u00e9s extra larges en vrac : tailles personnalis\u00e9es pour la production de p\u00e9dicures de salon"},"content":{"rendered":"<h2>Vente en gros d&rsquo;ongles d&rsquo;orteils press\u00e9s extra larges en vrac : tailles personnalis\u00e9es pour la production de p\u00e9dicures de salon<\/h2>\n<p>Fabriqu\u00e9s \u00e0 partir d&rsquo;acrylique de qualit\u00e9 sup\u00e9rieure et disponibles dans une large gamme de couleurs vives, ces faux ongles sont faciles \u00e0 appliquer et \u00e0 retirer.<\/p>\n<p>Parfait pour les occasions sp\u00e9ciales ou pour un usage quotidien<\/p>\n","protected":false},"excerpt":{"rendered":"<p>Affirmez votre style avec nos faux ongles color\u00e9s personnalis\u00e9s \u00e0 coller !<\/p>\n<p>Fabriqu\u00e9es \u00e0 partir d&rsquo;acrylique de qualit\u00e9 sup\u00e9rieure et disponibles dans une gamme de couleurs vives, ces faux ongles sont faciles \u00e0 poser et \u00e0 retirer.<\/p>\n","protected":false},"featured_media":1743,"template":"","meta":{"site-sidebar-layout":"default","site-content-layout":"","ast-site-content-layout":"default","site-content-style":"default","site-sidebar-style":"default","ast-global-header-display":"","ast-banner-title-visibility":"","ast-main-header-display":"","ast-hfb-above-header-display":"","ast-hfb-below-header-display":"","ast-hfb-mobile-header-display":"","site-post-title":"","ast-breadcrumbs-content":"","ast-featured-img":"","footer-sml-layout":"","ast-disable-related-posts":"","theme-transparent-header-meta":"default","adv-header-id-meta":"","stick-header-meta":"default","header-above-stick-meta":"","header-main-stick-meta":"","header-below-stick-meta":"","astra-migrate-meta-layouts":"default","ast-page-background-enabled":"default","ast-page-background-meta":{"desktop":{"background-color":"var(--ast-global-color-5)","background-image":"","background-repeat":"repeat","background-position":"center center","background-size":"auto","background-attachment":"scroll","background-type":"","background-media":"","overlay-type":"","overlay-color":"","overlay-opacity":"","overlay-gradient":""},"tablet":{"background-color":"","background-image":"","background-repeat":"repeat","background-position":"center center","background-size":"auto","background-attachment":"scroll","background-type":"","background-media":"","overlay-type":"","overlay-color":"","overlay-opacity":"","overlay-gradient":""},"mobile":{"background-color":"","background-image":"","background-repeat":"repeat","background-position":"center center","background-size":"auto","background-attachment":"scroll","background-type":"","background-media":"","overlay-type":"","overlay-color":"","overlay-opacity":"","overlay-gradient":""}},"ast-content-background-meta":{"desktop":{"background-color":"var(--ast-global-color-4)","background-image":"","background-repeat":"repeat","background-position":"center center","background-size":"auto","background-attachment":"scroll","background-type":"","background-media":"","overlay-type":"","overlay-color":"","overlay-opacity":"","overlay-gradient":""},"tablet":{"background-color":"var(--ast-global-color-4)","background-image":"","background-repeat":"repeat","background-position":"center center","background-size":"auto","background-attachment":"scroll","background-type":"","background-media":"","overlay-type":"","overlay-color":"","overlay-opacity":"","overlay-gradient":""},"mobile":{"background-color":"var(--ast-global-color-4)","background-image":"","background-repeat":"repeat","background-position":"center center","background-size":"auto","background-attachment":"scroll","background-type":"","background-media":"","overlay-type":"","overlay-color":"","overlay-opacity":"","overlay-gradient":""}}},"product_brand":[67],"product_cat":[109,106],"product_tag":[],"class_list":{"0":"post-2645","1":"product","2":"type-product","3":"status-publish","4":"has-post-thumbnail","6":"product_brand-senboma","7":"product_cat-ongles-des-orteils","8":"product_cat-presser-sur-les-ongles","9":"desktop-align-left","10":"tablet-align-left","11":"mobile-align-left","13":"first","14":"instock","15":"shipping-taxable","16":"product-type-simple"},"_links":{"self":[{"href":"https:\/\/softgelnails.com\/fr\/wp-json\/wp\/v2\/product\/2645","targetHints":{"allow":["GET"]}}],"collection":[{"href":"https:\/\/softgelnails.com\/fr\/wp-json\/wp\/v2\/product"}],"about":[{"href":"https:\/\/softgelnails.com\/fr\/wp-json\/wp\/v2\/types\/product"}],"version-history":[{"count":0,"href":"https:\/\/softgelnails.com\/fr\/wp-json\/wp\/v2\/product\/2645\/revisions"}],"wp:featuredmedia":[{"embeddable":true,"href":"https:\/\/softgelnails.com\/fr\/wp-json\/wp\/v2\/media\/1743"}],"wp:attachment":[{"href":"https:\/\/softgelnails.com\/fr\/wp-json\/wp\/v2\/media?parent=2645"}],"wp:term":[{"taxonomy":"product_brand","embeddable":true,"href":"https:\/\/softgelnails.com\/fr\/wp-json\/wp\/v2\/product_brand?post=2645"},{"taxonomy":"product_cat","embeddable":true,"href":"https:\/\/softgelnails.com\/fr\/wp-json\/wp\/v2\/product_cat?post=2645"},{"taxonomy":"product_tag","embeddable":true,"href":"https:\/\/softgelnails.com\/fr\/wp-json\/wp\/v2\/product_tag?post=2645"}],"curies":[{"name":"wp","href":"https:\/\/api.w.org\/{rel}","templated":true}]}}