{"id":2930,"date":"2026-01-09T11:06:00","date_gmt":"2026-01-09T03:06:00","guid":{"rendered":"https:\/\/softgelnails.com\/product\/senboma-meilleure-colle-pour-les-ongles-en-acrylique-kits-odm-en-gros-pour-des-applications-dongles-securisees\/"},"modified":"2026-01-09T11:06:00","modified_gmt":"2026-01-09T03:06:00","slug":"senboma-meilleure-colle-pour-les-ongles-en-acrylique-kits-odm-en-gros-pour-des-applications-dongles-securisees","status":"publish","type":"product","link":"https:\/\/softgelnails.com\/fr\/produit\/senboma-meilleure-colle-pour-les-ongles-en-acrylique-kits-odm-en-gros-pour-des-applications-dongles-securisees\/","title":{"rendered":"Senboma Meilleure colle pour les ongles en acrylique : Kits ODM en gros pour des applications d&rsquo;ongles s\u00e9curis\u00e9es"},"content":{"rendered":"","protected":false},"excerpt":{"rendered":"<div class=\"group relative -mb-8 flex items-start justify-start gap-4 pb-8 leading-relaxed\">\n<div class=\"relative min-h-[calc(2rem+theme(spacing[3.5])*2)] min-w-[60px] break-words rounded-2xl border border-gray-100 bg-gradient-to-br from-gray-50 px-5 py-3.5 text-gray-600 prose-pre:my-2 dark:border-gray-800 dark:from-gray-800\/40 dark:text-gray-300\">\n<div class=\"prose max-w-none dark:prose-invert max-sm:prose-sm prose-headings:font-semibold prose-h1:text-lg prose-h2:text-base prose-h3:text-base prose-pre:bg-gray-800 dark:prose-pre:bg-gray-900\">\n<p>Senboma est sp\u00e9cialis\u00e9e dans la conception et la production de produits acryliques de qualit\u00e9 sup\u00e9rieure pour la pose d&rsquo;ongles par pression pour des marques de beaut\u00e9 de renomm\u00e9e mondiale.<\/p>\n<\/div>\n<\/div>\n<\/div>\n","protected":false},"featured_media":1520,"template":"","meta":{"site-sidebar-layout":"default","site-content-layout":"","ast-site-content-layout":"default","site-content-style":"default","site-sidebar-style":"default","ast-global-header-display":"","ast-banner-title-visibility":"","ast-main-header-display":"","ast-hfb-above-header-display":"","ast-hfb-below-header-display":"","ast-hfb-mobile-header-display":"","site-post-title":"","ast-breadcrumbs-content":"","ast-featured-img":"","footer-sml-layout":"","ast-disable-related-posts":"","theme-transparent-header-meta":"default","adv-header-id-meta":"","stick-header-meta":"default","header-above-stick-meta":"","header-main-stick-meta":"","header-below-stick-meta":"","astra-migrate-meta-layouts":"default","ast-page-background-enabled":"default","ast-page-background-meta":{"desktop":{"background-color":"var(--ast-global-color-5)","background-image":"","background-repeat":"repeat","background-position":"center center","background-size":"auto","background-attachment":"scroll","background-type":"","background-media":"","overlay-type":"","overlay-color":"","overlay-opacity":"","overlay-gradient":""},"tablet":{"background-color":"","background-image":"","background-repeat":"repeat","background-position":"center center","background-size":"auto","background-attachment":"scroll","background-type":"","background-media":"","overlay-type":"","overlay-color":"","overlay-opacity":"","overlay-gradient":""},"mobile":{"background-color":"","background-image":"","background-repeat":"repeat","background-position":"center center","background-size":"auto","background-attachment":"scroll","background-type":"","background-media":"","overlay-type":"","overlay-color":"","overlay-opacity":"","overlay-gradient":""}},"ast-content-background-meta":{"desktop":{"background-color":"var(--ast-global-color-4)","background-image":"","background-repeat":"repeat","background-position":"center center","background-size":"auto","background-attachment":"scroll","background-type":"","background-media":"","overlay-type":"","overlay-color":"","overlay-opacity":"","overlay-gradient":""},"tablet":{"background-color":"var(--ast-global-color-4)","background-image":"","background-repeat":"repeat","background-position":"center center","background-size":"auto","background-attachment":"scroll","background-type":"","background-media":"","overlay-type":"","overlay-color":"","overlay-opacity":"","overlay-gradient":""},"mobile":{"background-color":"var(--ast-global-color-4)","background-image":"","background-repeat":"repeat","background-position":"center center","background-size":"auto","background-attachment":"scroll","background-type":"","background-media":"","overlay-type":"","overlay-color":"","overlay-opacity":"","overlay-gradient":""}}},"product_brand":[],"product_cat":[107,106],"product_tag":[117,118,119,120,121,122,123,124],"class_list":{"0":"post-2930","1":"product","2":"type-product","3":"status-publish","4":"has-post-thumbnail","6":"product_cat-ongles","7":"product_cat-presser-sur-les-ongles","8":"product_tag-acrylic-press-on-nails","9":"product_tag-french-ombre-press-on-nails","10":"product_tag-press-on-nail-factory","11":"product_tag-press-on-nail-manufacturer","12":"product_tag-press-on-nails","13":"product_tag-private-label-press-on-nails","14":"product_tag-salon-quality-press-on-nails","15":"product_tag-wholesale-luxury-press-on-nails","16":"desktop-align-left","17":"tablet-align-left","18":"mobile-align-left","20":"first","21":"instock","22":"shipping-taxable","23":"product-type-simple"},"_links":{"self":[{"href":"https:\/\/softgelnails.com\/fr\/wp-json\/wp\/v2\/product\/2930","targetHints":{"allow":["GET"]}}],"collection":[{"href":"https:\/\/softgelnails.com\/fr\/wp-json\/wp\/v2\/product"}],"about":[{"href":"https:\/\/softgelnails.com\/fr\/wp-json\/wp\/v2\/types\/product"}],"version-history":[{"count":0,"href":"https:\/\/softgelnails.com\/fr\/wp-json\/wp\/v2\/product\/2930\/revisions"}],"wp:featuredmedia":[{"embeddable":true,"href":"https:\/\/softgelnails.com\/fr\/wp-json\/wp\/v2\/media\/1520"}],"wp:attachment":[{"href":"https:\/\/softgelnails.com\/fr\/wp-json\/wp\/v2\/media?parent=2930"}],"wp:term":[{"taxonomy":"product_brand","embeddable":true,"href":"https:\/\/softgelnails.com\/fr\/wp-json\/wp\/v2\/product_brand?post=2930"},{"taxonomy":"product_cat","embeddable":true,"href":"https:\/\/softgelnails.com\/fr\/wp-json\/wp\/v2\/product_cat?post=2930"},{"taxonomy":"product_tag","embeddable":true,"href":"https:\/\/softgelnails.com\/fr\/wp-json\/wp\/v2\/product_tag?post=2930"}],"curies":[{"name":"wp","href":"https:\/\/api.w.org\/{rel}","templated":true}]}}