{"id":3249,"date":"2026-01-09T11:05:06","date_gmt":"2026-01-09T03:05:06","guid":{"rendered":"https:\/\/softgelnails.com\/product\/aurora-swirl-blur-false-nail-tips\/"},"modified":"2026-01-09T11:05:06","modified_gmt":"2026-01-09T03:05:06","slug":"aurora-swirl-blur-false-nail-tips","status":"publish","type":"product","link":"https:\/\/softgelnails.com\/fr\/produit\/aurora-swirl-blur-false-nail-tips\/","title":{"rendered":"Aurora Swirl Blur False Nail Tips"},"content":{"rendered":"<h2>3D Bulge Summer Season Spray Fake Nail Tips (faux ongles)<\/h2>\n<div class=\"x_elementToProof\"><span data-ogsc=\"rgb(0, 0, 0)\">Merci de nous avoir contact\u00e9s et d&rsquo;avoir montr\u00e9 de l&rsquo;int\u00e9r\u00eat pour nos ongles French ombre press on. <\/span><\/div>\n<div class=\"x_elementToProof\"><span data-ogsc=\"rgb(0, 0, 0)\">Nous sommes ravis de vous pr\u00e9senter notre collection d&rsquo;ongles acryliques \u00e0 presser de haute qualit\u00e9 et faciles \u00e0 utiliser. Ils sont con\u00e7us pour mettre en valeur votre beaut\u00e9 naturelle et faire une d\u00e9claration de mode. <\/span><\/div>\n<div class=\"x_elementToProof\"><span data-ogsc=\"rgb(0, 0, 0)\"> <\/span><\/div>\n<div class=\"x_elementToProof\"><span data-ogsc=\"rgb(0, 0, 0)\">Nos faux ongles priv\u00e9s sont disponibles dans une grande vari\u00e9t\u00e9 de mod\u00e8les, y compris des couleurs unies, des motifs et des options de paillettes. Ils sont fabriqu\u00e9s \u00e0 partir de mat\u00e9riaux durables qui respectent vos ongles et durent longtemps, afin que vous puissiez en profiter pour de multiples occasions. Nos produits peuvent aider les vendeurs en gros de faux ongles \u00e0 gagner de l&rsquo;argent.  <\/span><\/div>\n<div class=\"x_elementToProof\"><span data-ogsc=\"rgb(0, 0, 0)\"> <\/span><\/div>\n<div class=\"x_elementToProof\"><span data-ogsc=\"rgb(0, 0, 0)\">Pour vous aider \u00e0 trouver les ongles \u00e0 presser parfaits pour vos besoins, nous vous demandons de bien vouloir nous fournir quelques informations suppl\u00e9mentaires.  <\/span><\/div>\n<div class=\"x_elementToProof\"><span data-ogsc=\"rgb(0, 0, 0)\">S&rsquo;il vous pla\u00eet <span style=\"color: #ff45ca;\"><a style=\"color: #ff45ca;\" href=\"https:\/\/senboma.com\/contact-us\/\"><strong>faites-nous savoir<\/strong><\/a><\/span> le type de design ou de couleur que vous souhaitez conna\u00eetre, ainsi que toute autre exigence sp\u00e9cifique que vous pourriez avoir. Cela nous permettra de vous recommander les meilleurs produits et de vous garantir une exp\u00e9rience d&rsquo;achat sans faille. <\/span><\/div>\n<div class=\"x_elementToProof\"><span data-ogsc=\"rgb(0, 0, 0)\"> <\/span><\/div>\n<div><span data-ogsc=\"rgb(0, 0, 0)\">Si vous avez des questions ou si vous avez besoin d&rsquo;aide, n&rsquo;h\u00e9sitez pas \u00e0 <span style=\"color: #ff45ca;\"><a style=\"color: #ff45ca;\" href=\"https:\/\/senboma.com\/contact-us\/\"><strong>nous contacter.<\/strong><\/a> <\/span> <\/span><\/div>\n<div><span data-ogsc=\"rgb(0, 0, 0)\">Nous sommes ravis de vous aider \u00e0 choisir les ongles fran\u00e7ais parfaits qui conviennent \u00e0 votre style et \u00e0 vos pr\u00e9f\u00e9rences.<\/span><\/div>\n<p>Dans l&rsquo;attente de votre r\u00e9ponse, je vous prie d&rsquo;agr\u00e9er, Madame, Monsieur, l&rsquo;expression de mes salutations distingu\u00e9es.<\/p>\n<p><span style=\"color: #ff45ca;\"><strong><a style=\"color: #ff45ca;\" href=\"https:\/\/youtu.be\/YH5mNavBeXM\">(Pour en savoir plus sur Senboma, voir la vid\u00e9o)<\/a><\/strong><\/span><\/p>\n","protected":false},"excerpt":{"rendered":"<div class=\"group relative -mb-8 flex items-start justify-start gap-4 pb-8 leading-relaxed\">\n<div class=\"relative min-h-[calc(2rem+theme(spacing[3.5])*2)] min-w-[60px] break-words rounded-2xl border border-gray-100 bg-gradient-to-br from-gray-50 px-5 py-3.5 text-gray-600 prose-pre:my-2 dark:border-gray-800 dark:from-gray-800\/40 dark:text-gray-300\">\n<div class=\"prose max-w-none dark:prose-invert max-sm:prose-sm prose-headings:font-semibold prose-h1:text-lg prose-h2:text-base prose-h3:text-base prose-pre:bg-gray-800 dark:prose-pre:bg-gray-900\">\n<p>Senboma est sp\u00e9cialis\u00e9e dans la conception et la production de produits acryliques de qualit\u00e9 sup\u00e9rieure pour la pose d&rsquo;ongles par pression pour des marques de beaut\u00e9 de renomm\u00e9e mondiale.<\/p>\n<\/div>\n<\/div>\n<\/div>\n","protected":false},"featured_media":1234,"template":"","meta":{"site-sidebar-layout":"default","site-content-layout":"","ast-site-content-layout":"default","site-content-style":"default","site-sidebar-style":"default","ast-global-header-display":"","ast-banner-title-visibility":"","ast-main-header-display":"","ast-hfb-above-header-display":"","ast-hfb-below-header-display":"","ast-hfb-mobile-header-display":"","site-post-title":"","ast-breadcrumbs-content":"","ast-featured-img":"","footer-sml-layout":"","ast-disable-related-posts":"","theme-transparent-header-meta":"default","adv-header-id-meta":"","stick-header-meta":"default","header-above-stick-meta":"","header-main-stick-meta":"","header-below-stick-meta":"","astra-migrate-meta-layouts":"default","ast-page-background-enabled":"default","ast-page-background-meta":{"desktop":{"background-color":"var(--ast-global-color-5)","background-image":"","background-repeat":"repeat","background-position":"center center","background-size":"auto","background-attachment":"scroll","background-type":"","background-media":"","overlay-type":"","overlay-color":"","overlay-opacity":"","overlay-gradient":""},"tablet":{"background-color":"","background-image":"","background-repeat":"repeat","background-position":"center center","background-size":"auto","background-attachment":"scroll","background-type":"","background-media":"","overlay-type":"","overlay-color":"","overlay-opacity":"","overlay-gradient":""},"mobile":{"background-color":"","background-image":"","background-repeat":"repeat","background-position":"center center","background-size":"auto","background-attachment":"scroll","background-type":"","background-media":"","overlay-type":"","overlay-color":"","overlay-opacity":"","overlay-gradient":""}},"ast-content-background-meta":{"desktop":{"background-color":"var(--ast-global-color-4)","background-image":"","background-repeat":"repeat","background-position":"center center","background-size":"auto","background-attachment":"scroll","background-type":"","background-media":"","overlay-type":"","overlay-color":"","overlay-opacity":"","overlay-gradient":""},"tablet":{"background-color":"var(--ast-global-color-4)","background-image":"","background-repeat":"repeat","background-position":"center center","background-size":"auto","background-attachment":"scroll","background-type":"","background-media":"","overlay-type":"","overlay-color":"","overlay-opacity":"","overlay-gradient":""},"mobile":{"background-color":"var(--ast-global-color-4)","background-image":"","background-repeat":"repeat","background-position":"center center","background-size":"auto","background-attachment":"scroll","background-type":"","background-media":"","overlay-type":"","overlay-color":"","overlay-opacity":"","overlay-gradient":""}}},"product_brand":[],"product_cat":[107,106,108],"product_tag":[117,118,119,120,121,122,123,124],"class_list":{"0":"post-3249","1":"product","2":"type-product","3":"status-publish","4":"has-post-thumbnail","6":"product_cat-ongles","7":"product_cat-presser-sur-les-ongles","8":"product_cat-salon-des-ongles","9":"product_tag-acrylic-press-on-nails","10":"product_tag-french-ombre-press-on-nails","11":"product_tag-press-on-nail-factory","12":"product_tag-press-on-nail-manufacturer","13":"product_tag-press-on-nails","14":"product_tag-private-label-press-on-nails","15":"product_tag-salon-quality-press-on-nails","16":"product_tag-wholesale-luxury-press-on-nails","17":"desktop-align-left","18":"tablet-align-left","19":"mobile-align-left","21":"first","22":"instock","23":"shipping-taxable","24":"product-type-simple"},"_links":{"self":[{"href":"https:\/\/softgelnails.com\/fr\/wp-json\/wp\/v2\/product\/3249","targetHints":{"allow":["GET"]}}],"collection":[{"href":"https:\/\/softgelnails.com\/fr\/wp-json\/wp\/v2\/product"}],"about":[{"href":"https:\/\/softgelnails.com\/fr\/wp-json\/wp\/v2\/types\/product"}],"version-history":[{"count":0,"href":"https:\/\/softgelnails.com\/fr\/wp-json\/wp\/v2\/product\/3249\/revisions"}],"wp:featuredmedia":[{"embeddable":true,"href":"https:\/\/softgelnails.com\/fr\/wp-json\/wp\/v2\/media\/1234"}],"wp:attachment":[{"href":"https:\/\/softgelnails.com\/fr\/wp-json\/wp\/v2\/media?parent=3249"}],"wp:term":[{"taxonomy":"product_brand","embeddable":true,"href":"https:\/\/softgelnails.com\/fr\/wp-json\/wp\/v2\/product_brand?post=3249"},{"taxonomy":"product_cat","embeddable":true,"href":"https:\/\/softgelnails.com\/fr\/wp-json\/wp\/v2\/product_cat?post=3249"},{"taxonomy":"product_tag","embeddable":true,"href":"https:\/\/softgelnails.com\/fr\/wp-json\/wp\/v2\/product_tag?post=3249"}],"curies":[{"name":"wp","href":"https:\/\/api.w.org\/{rel}","templated":true}]}}