{"id":3803,"date":"2026-01-09T11:00:42","date_gmt":"2026-01-09T03:00:42","guid":{"rendered":"https:\/\/softgelnails.com\/product\/multiple-design-package-for-press-on-nails\/"},"modified":"2026-01-09T11:00:42","modified_gmt":"2026-01-09T03:00:42","slug":"multiple-design-package-for-press-on-nails","status":"publish","type":"product","link":"https:\/\/softgelnails.com\/fr\/produit\/multiple-design-package-for-press-on-nails\/","title":{"rendered":"Multiple Design Package For Press-on Nails"},"content":{"rendered":"<h2>Paquet de conception multiple pour les ongles \u00e0 presser<\/h2>\n<p><img fetchpriority=\"high\" decoding=\"async\" class=\"size-full wp-image-17645\" src=\"https:\/\/senboma.com\/wp-content\/uploads\/2025\/01\/Packaging-for-Press-on-Nails-4-2.webp\" alt=\"Paquet de clous \u00e0 presser (4)\" width=\"600\" height=\"326\"><\/p>\n<p>Related post of press-on nails packages\u2b07\ufe0f\u2b07\ufe0f<\/p>\n<p>&nbsp;<\/p>\n<blockquote class=\"wp-embedded-content\" data-secret=\"JeEjAqqPwt\"><p><a href=\"https:\/\/senboma.com\/the-importance-of-packaging-for-press-on-nails\/\">The Importance of Packaging for Press-on Nails<\/a><\/p><\/blockquote>\n<p><iframe class=\"wp-embedded-content\" sandbox=\"allow-scripts\" security=\"restricted\" style=\"position: absolute; visibility: hidden;\" title=\"&#8220;The Importance of Packaging for Press-on Nails&#8221; &#8212; Senboma\" src=\"https:\/\/senboma.com\/the-importance-of-packaging-for-press-on-nails\/embed\/#?secret=Uq6QuHfgXl#?secret=JeEjAqqPwt\" data-secret=\"JeEjAqqPwt\" width=\"500\" height=\"282\" frameborder=\"0\" marginwidth=\"0\" marginheight=\"0\" scrolling=\"no\"><\/iframe><\/p>\n<blockquote class=\"wp-embedded-content\" data-secret=\"4Edn2WYAWX\"><p><a href=\"https:\/\/senboma.com\/custom-false-nail-packaging-design\/\">How Premium Custom False Nail Packaging Design Elevates Beauty Brands? | Senboma Solutions<\/a><\/p><\/blockquote>\n<p><iframe class=\"wp-embedded-content\" sandbox=\"allow-scripts\" security=\"restricted\" style=\"position: absolute; visibility: hidden;\" title=\"&#8220;How Premium Custom False Nail Packaging Design Elevates Beauty Brands? | Senboma Solutions&#8221; &#8212; Senboma\" src=\"https:\/\/senboma.com\/custom-false-nail-packaging-design\/embed\/#?secret=9dhkhAXJvp#?secret=4Edn2WYAWX\" data-secret=\"4Edn2WYAWX\" width=\"500\" height=\"282\" frameborder=\"0\" marginwidth=\"0\" marginheight=\"0\" scrolling=\"no\"><\/iframe><\/p>\n","protected":false},"excerpt":{"rendered":"<div class=\"group relative -mb-8 flex items-start justify-start gap-4 pb-8 leading-relaxed\">\n<div class=\"relative min-h-[calc(2rem+theme(spacing[3.5])*2)] min-w-[60px] break-words rounded-2xl border border-gray-100 bg-gradient-to-br from-gray-50 px-5 py-3.5 text-gray-600 prose-pre:my-2 dark:border-gray-800 dark:from-gray-800\/40 dark:text-gray-300\">\n<div class=\"prose max-w-none dark:prose-invert max-sm:prose-sm prose-headings:font-semibold prose-h1:text-lg prose-h2:text-base prose-h3:text-base prose-pre:bg-gray-800 dark:prose-pre:bg-gray-900\">\n<p>Senboma propose des services de cr\u00e9ation de marque \u00e0 guichet unique, sp\u00e9cialis\u00e9s dans la conception et la production d&#8217;emballages pour clous \u00e0 presser.<\/p>\n<\/div>\n<\/div>\n<\/div>\n","protected":false},"featured_media":1074,"template":"","meta":{"site-sidebar-layout":"default","site-content-layout":"","ast-site-content-layout":"default","site-content-style":"default","site-sidebar-style":"default","ast-global-header-display":"","ast-banner-title-visibility":"","ast-main-header-display":"","ast-hfb-above-header-display":"","ast-hfb-below-header-display":"","ast-hfb-mobile-header-display":"","site-post-title":"","ast-breadcrumbs-content":"","ast-featured-img":"","footer-sml-layout":"","ast-disable-related-posts":"","theme-transparent-header-meta":"default","adv-header-id-meta":"","stick-header-meta":"default","header-above-stick-meta":"","header-main-stick-meta":"","header-below-stick-meta":"","astra-migrate-meta-layouts":"default","ast-page-background-enabled":"default","ast-page-background-meta":{"desktop":{"background-color":"var(--ast-global-color-5)","background-image":"","background-repeat":"repeat","background-position":"center center","background-size":"auto","background-attachment":"scroll","background-type":"","background-media":"","overlay-type":"","overlay-color":"","overlay-opacity":"","overlay-gradient":""},"tablet":{"background-color":"","background-image":"","background-repeat":"repeat","background-position":"center center","background-size":"auto","background-attachment":"scroll","background-type":"","background-media":"","overlay-type":"","overlay-color":"","overlay-opacity":"","overlay-gradient":""},"mobile":{"background-color":"","background-image":"","background-repeat":"repeat","background-position":"center center","background-size":"auto","background-attachment":"scroll","background-type":"","background-media":"","overlay-type":"","overlay-color":"","overlay-opacity":"","overlay-gradient":""}},"ast-content-background-meta":{"desktop":{"background-color":"var(--ast-global-color-4)","background-image":"","background-repeat":"repeat","background-position":"center center","background-size":"auto","background-attachment":"scroll","background-type":"","background-media":"","overlay-type":"","overlay-color":"","overlay-opacity":"","overlay-gradient":""},"tablet":{"background-color":"var(--ast-global-color-4)","background-image":"","background-repeat":"repeat","background-position":"center center","background-size":"auto","background-attachment":"scroll","background-type":"","background-media":"","overlay-type":"","overlay-color":"","overlay-opacity":"","overlay-gradient":""},"mobile":{"background-color":"var(--ast-global-color-4)","background-image":"","background-repeat":"repeat","background-position":"center center","background-size":"auto","background-attachment":"scroll","background-type":"","background-media":"","overlay-type":"","overlay-color":"","overlay-opacity":"","overlay-gradient":""}}},"product_brand":[],"product_cat":[94],"product_tag":[179,180],"class_list":{"0":"post-3803","1":"product","2":"type-product","3":"status-publish","4":"has-post-thumbnail","6":"product_cat-accessoires-pour-les-ongles","7":"product_tag-package-for-press-on-nails","8":"product_tag-press-on-nails-package","9":"desktop-align-left","10":"tablet-align-left","11":"mobile-align-left","13":"first","14":"instock","15":"shipping-taxable","16":"product-type-simple"},"_links":{"self":[{"href":"https:\/\/softgelnails.com\/fr\/wp-json\/wp\/v2\/product\/3803","targetHints":{"allow":["GET"]}}],"collection":[{"href":"https:\/\/softgelnails.com\/fr\/wp-json\/wp\/v2\/product"}],"about":[{"href":"https:\/\/softgelnails.com\/fr\/wp-json\/wp\/v2\/types\/product"}],"version-history":[{"count":0,"href":"https:\/\/softgelnails.com\/fr\/wp-json\/wp\/v2\/product\/3803\/revisions"}],"wp:featuredmedia":[{"embeddable":true,"href":"https:\/\/softgelnails.com\/fr\/wp-json\/wp\/v2\/media\/1074"}],"wp:attachment":[{"href":"https:\/\/softgelnails.com\/fr\/wp-json\/wp\/v2\/media?parent=3803"}],"wp:term":[{"taxonomy":"product_brand","embeddable":true,"href":"https:\/\/softgelnails.com\/fr\/wp-json\/wp\/v2\/product_brand?post=3803"},{"taxonomy":"product_cat","embeddable":true,"href":"https:\/\/softgelnails.com\/fr\/wp-json\/wp\/v2\/product_cat?post=3803"},{"taxonomy":"product_tag","embeddable":true,"href":"https:\/\/softgelnails.com\/fr\/wp-json\/wp\/v2\/product_tag?post=3803"}],"curies":[{"name":"wp","href":"https:\/\/api.w.org\/{rel}","templated":true}]}}